{"id":2039,"date":"2017-08-11T14:25:44","date_gmt":"2017-08-11T14:25:44","guid":{"rendered":"http:\/\/demo.goodlayers.com\/infinite\/?page_id=2039"},"modified":"2024-03-13T07:54:17","modified_gmt":"2024-03-13T07:54:17","slug":"alcorcon","status":"publish","type":"page","link":"https:\/\/euroindoorpadel.es\/euroindoor-moraleja\/","title":{"rendered":"Moraleja"},"content":{"rendered":"","protected":false},"excerpt":{"rendered":"","protected":false},"author":1,"featured_media":0,"parent":0,"menu_order":0,"comment_status":"closed","ping_status":"closed","template":"","meta":{"footnotes":""},"class_list":["post-2039","page","type-page","status-publish","hentry"],"yoast_head":"<!-- This site is optimized with the Yoast SEO plugin v27.4 - https:\/\/yoast.com\/product\/yoast-seo-wordpress\/ -->\n<title>Euroindoor P\u00e1del - Pistas de P\u00e1del Indoor en Moraleja de Enmedio<\/title>\n<meta name=\"description\" content=\"La mayor oferta de p\u00e1del en Alcorc\u00f3n. Pistas de p\u00e1del indoor de la m\u00e1xima calidad. Escuela, partidos diarios y torneos. Disfrutar del p\u00e1del en Euroindoor.\" \/>\n<meta name=\"robots\" content=\"index, follow, max-snippet:-1, max-image-preview:large, max-video-preview:-1\" \/>\n<link rel=\"canonical\" href=\"https:\/\/euroindoorpadel.es\/euroindoor-moraleja\/\" \/>\n<meta property=\"og:locale\" content=\"es_ES\" \/>\n<meta property=\"og:type\" content=\"article\" \/>\n<meta property=\"og:title\" content=\"Euroindoor P\u00e1del - Pistas de P\u00e1del Indoor en Moraleja de Enmedio\" \/>\n<meta property=\"og:description\" content=\"La mayor oferta de p\u00e1del en Alcorc\u00f3n. Pistas de p\u00e1del indoor de la m\u00e1xima calidad. Escuela, partidos diarios y torneos. Disfrutar del p\u00e1del en Euroindoor.\" \/>\n<meta property=\"og:url\" content=\"https:\/\/euroindoorpadel.es\/euroindoor-moraleja\/\" \/>\n<meta property=\"og:site_name\" content=\"Euroindoor Moraleja\" \/>\n<meta property=\"article:modified_time\" content=\"2024-03-13T07:54:17+00:00\" \/>\n<meta name=\"twitter:card\" content=\"summary_large_image\" \/>\n<meta name=\"twitter:label1\" content=\"Tiempo de lectura\" \/>\n\t<meta name=\"twitter:data1\" content=\"4 minutos\" \/>\n<script type=\"application\/ld+json\" class=\"yoast-schema-graph\">{\"@context\":\"https:\\\/\\\/schema.org\",\"@graph\":[{\"@type\":\"WebPage\",\"@id\":\"https:\\\/\\\/euroindoorpadel.es\\\/euroindoor-moraleja\\\/\",\"url\":\"https:\\\/\\\/euroindoorpadel.es\\\/euroindoor-moraleja\\\/\",\"name\":\"Euroindoor P\u00e1del - Pistas de P\u00e1del Indoor en Moraleja de Enmedio\",\"isPartOf\":{\"@id\":\"https:\\\/\\\/euroindoorpadel.es\\\/euroindoor-moraleja\\\/#website\"},\"datePublished\":\"2017-08-11T14:25:44+00:00\",\"dateModified\":\"2024-03-13T07:54:17+00:00\",\"description\":\"La mayor oferta de p\u00e1del en Alcorc\u00f3n. Pistas de p\u00e1del indoor de la m\u00e1xima calidad. Escuela, partidos diarios y torneos. Disfrutar del p\u00e1del en Euroindoor.\",\"breadcrumb\":{\"@id\":\"https:\\\/\\\/euroindoorpadel.es\\\/euroindoor-moraleja\\\/#breadcrumb\"},\"inLanguage\":\"es\",\"potentialAction\":[{\"@type\":\"ReadAction\",\"target\":[\"https:\\\/\\\/euroindoorpadel.es\\\/euroindoor-moraleja\\\/\"]}]},{\"@type\":\"BreadcrumbList\",\"@id\":\"https:\\\/\\\/euroindoorpadel.es\\\/euroindoor-moraleja\\\/#breadcrumb\",\"itemListElement\":[{\"@type\":\"ListItem\",\"position\":1,\"name\":\"Portada\",\"item\":\"https:\\\/\\\/euroindoorpadel.es\\\/euroindoor-moraleja\\\/\"},{\"@type\":\"ListItem\",\"position\":2,\"name\":\"Moraleja\"}]},{\"@type\":\"WebSite\",\"@id\":\"https:\\\/\\\/euroindoorpadel.es\\\/euroindoor-moraleja\\\/#website\",\"url\":\"https:\\\/\\\/euroindoorpadel.es\\\/euroindoor-moraleja\\\/\",\"name\":\"Euroindoor Moraleja\",\"description\":\"Otro sitio realizado con WordPress\",\"potentialAction\":[{\"@type\":\"SearchAction\",\"target\":{\"@type\":\"EntryPoint\",\"urlTemplate\":\"https:\\\/\\\/euroindoorpadel.es\\\/euroindoor-moraleja\\\/?s={search_term_string}\"},\"query-input\":{\"@type\":\"PropertyValueSpecification\",\"valueRequired\":true,\"valueName\":\"search_term_string\"}}],\"inLanguage\":\"es\"}]}<\/script>\n<!-- \/ Yoast SEO plugin. -->","yoast_head_json":{"title":"Euroindoor P\u00e1del - Pistas de P\u00e1del Indoor en Moraleja de Enmedio","description":"La mayor oferta de p\u00e1del en Alcorc\u00f3n. Pistas de p\u00e1del indoor de la m\u00e1xima calidad. Escuela, partidos diarios y torneos. Disfrutar del p\u00e1del en Euroindoor.","robots":{"index":"index","follow":"follow","max-snippet":"max-snippet:-1","max-image-preview":"max-image-preview:large","max-video-preview":"max-video-preview:-1"},"canonical":"https:\/\/euroindoorpadel.es\/euroindoor-moraleja\/","og_locale":"es_ES","og_type":"article","og_title":"Euroindoor P\u00e1del - Pistas de P\u00e1del Indoor en Moraleja de Enmedio","og_description":"La mayor oferta de p\u00e1del en Alcorc\u00f3n. Pistas de p\u00e1del indoor de la m\u00e1xima calidad. Escuela, partidos diarios y torneos. Disfrutar del p\u00e1del en Euroindoor.","og_url":"https:\/\/euroindoorpadel.es\/euroindoor-moraleja\/","og_site_name":"Euroindoor Moraleja","article_modified_time":"2024-03-13T07:54:17+00:00","twitter_card":"summary_large_image","twitter_misc":{"Tiempo de lectura":"4 minutos"},"schema":{"@context":"https:\/\/schema.org","@graph":[{"@type":"WebPage","@id":"https:\/\/euroindoorpadel.es\/euroindoor-moraleja\/","url":"https:\/\/euroindoorpadel.es\/euroindoor-moraleja\/","name":"Euroindoor P\u00e1del - Pistas de P\u00e1del Indoor en Moraleja de Enmedio","isPartOf":{"@id":"https:\/\/euroindoorpadel.es\/euroindoor-moraleja\/#website"},"datePublished":"2017-08-11T14:25:44+00:00","dateModified":"2024-03-13T07:54:17+00:00","description":"La mayor oferta de p\u00e1del en Alcorc\u00f3n. Pistas de p\u00e1del indoor de la m\u00e1xima calidad. Escuela, partidos diarios y torneos. Disfrutar del p\u00e1del en Euroindoor.","breadcrumb":{"@id":"https:\/\/euroindoorpadel.es\/euroindoor-moraleja\/#breadcrumb"},"inLanguage":"es","potentialAction":[{"@type":"ReadAction","target":["https:\/\/euroindoorpadel.es\/euroindoor-moraleja\/"]}]},{"@type":"BreadcrumbList","@id":"https:\/\/euroindoorpadel.es\/euroindoor-moraleja\/#breadcrumb","itemListElement":[{"@type":"ListItem","position":1,"name":"Portada","item":"https:\/\/euroindoorpadel.es\/euroindoor-moraleja\/"},{"@type":"ListItem","position":2,"name":"Moraleja"}]},{"@type":"WebSite","@id":"https:\/\/euroindoorpadel.es\/euroindoor-moraleja\/#website","url":"https:\/\/euroindoorpadel.es\/euroindoor-moraleja\/","name":"Euroindoor Moraleja","description":"Otro sitio realizado con WordPress","potentialAction":[{"@type":"SearchAction","target":{"@type":"EntryPoint","urlTemplate":"https:\/\/euroindoorpadel.es\/euroindoor-moraleja\/?s={search_term_string}"},"query-input":{"@type":"PropertyValueSpecification","valueRequired":true,"valueName":"search_term_string"}}],"inLanguage":"es"}]}},"_links":{"self":[{"href":"https:\/\/euroindoorpadel.es\/euroindoor-moraleja\/wp-json\/wp\/v2\/pages\/2039","targetHints":{"allow":["GET"]}}],"collection":[{"href":"https:\/\/euroindoorpadel.es\/euroindoor-moraleja\/wp-json\/wp\/v2\/pages"}],"about":[{"href":"https:\/\/euroindoorpadel.es\/euroindoor-moraleja\/wp-json\/wp\/v2\/types\/page"}],"author":[{"embeddable":true,"href":"https:\/\/euroindoorpadel.es\/euroindoor-moraleja\/wp-json\/wp\/v2\/users\/1"}],"replies":[{"embeddable":true,"href":"https:\/\/euroindoorpadel.es\/euroindoor-moraleja\/wp-json\/wp\/v2\/comments?post=2039"}],"version-history":[{"count":5,"href":"https:\/\/euroindoorpadel.es\/euroindoor-moraleja\/wp-json\/wp\/v2\/pages\/2039\/revisions"}],"predecessor-version":[{"id":6765,"href":"https:\/\/euroindoorpadel.es\/euroindoor-moraleja\/wp-json\/wp\/v2\/pages\/2039\/revisions\/6765"}],"wp:attachment":[{"href":"https:\/\/euroindoorpadel.es\/euroindoor-moraleja\/wp-json\/wp\/v2\/media?parent=2039"}],"curies":[{"name":"wp","href":"https:\/\/api.w.org\/{rel}","templated":true}]}}