{"id":5962,"date":"2020-02-04T08:07:36","date_gmt":"2020-02-04T08:07:36","guid":{"rendered":"http:\/\/test2.besocialcom.es\/?page_id=5962"},"modified":"2026-03-17T08:58:53","modified_gmt":"2026-03-17T08:58:53","slug":"politica-de-cookies","status":"publish","type":"page","link":"https:\/\/euroindoorpadel.es\/euroindoor-alcorcon\/politica-de-cookies\/","title":{"rendered":"Pol\u00edtica de Cookies"},"content":{"rendered":"<h1>POL\u00cdTICA DE COOKIES<\/h1>\n<h2>DEFINICI\u00d3N y funci\u00f3n gen\u00e9rica de las COOKIES<\/h2>\n<p>Las cookies son identificadores que enviamos al disco duro de su ordenador a trav\u00e9s de su navegador Web con el fin de que nuestros sistemas puedan reconocer su navegador y ofrecerle ciertos servicios.<\/p>\n<p>En general, estas tecnolog\u00edas pueden servir para finalidades muy diferentes, por ejemplo, reconocerle como usuario, obtener informaci\u00f3n sobre sus h\u00e1bitos de navegaci\u00f3n, o personalizar la forma en que se muestra el contenido.<\/p>\n<p>Esta p\u00e1gina utiliza tipos diferentes de cookies. Algunas cookies son colocadas por servicios de terceros que aparecen en nuestras p\u00e1ginas. En algunos casos, al utilizar un motor de b\u00fasqueda Google, es posible que haya aceptado sus propias cookies. Estas cookies de Google son instaladas aun cuando usted no haya aceptado nuestras cookies propias y\/o de terceros.<\/p>\n<p>A continuaci\u00f3n, indicamos las cookies que utiliza la p\u00e1gina: <a href=\"https:\/\/euroindoorpadel.es\/euroindoor-alcorcon\/\">https:\/\/euroindoorpadel.es\/euroindoor-alcorcon\/<\/a><\/p>\n<h2>COOKIES UTILIZADAS<\/h2>\n<h3>Cookies necesarias<\/h3>\n<p>Las cookies necesarias ayudan a hacer una p\u00e1gina web utilizable activando funciones b\u00e1sicas como la navegaci\u00f3n en la p\u00e1gina y el acceso a \u00e1reas seguras de la p\u00e1gina web. La p\u00e1gina web no puede funcionar adecuadamente sin estas cookies.<\/p>\n<table width=\"97%\">\n<tbody>\n<tr>\n<td width=\"14%\">Nombre<\/td>\n<td width=\"23%\">Proveedor<\/td>\n<td width=\"24%\">Prop\u00f3sito<\/td>\n<td width=\"37%\">Caducidad<\/td>\n<\/tr>\n<tr>\n<td width=\"14%\">AEC<\/td>\n<td width=\"23%\">Google LLC<\/td>\n<td width=\"24%\">Seguridad: ayuda a prevenir fraude\/uso indebido y verifica que las solicitudes las realiza el usuario.<\/td>\n<td width=\"37%\">6 meses<\/td>\n<\/tr>\n<tr>\n<td width=\"14%\">__Secure-BUCKET<\/td>\n<td width=\"23%\">Google LLC<\/td>\n<td width=\"24%\">T\u00e9cnica: gesti\u00f3n interna de carga\/servicio (rendimiento y consistencia).<\/td>\n<td width=\"37%\">6 meses<\/td>\n<\/tr>\n<tr>\n<td width=\"14%\">__Secure-1PSIDCC<\/td>\n<td width=\"23%\">Google LLC<\/td>\n<td width=\"24%\">Seguridad: protecci\u00f3n frente a accesos no autorizados y abuso.<\/td>\n<td width=\"37%\">1 a\u00f1o<\/td>\n<\/tr>\n<tr>\n<td width=\"14%\">__Secure-3PSIDCC<\/td>\n<td width=\"23%\">Google LLC<\/td>\n<td width=\"24%\">Seguridad: protecci\u00f3n frente a accesos no autorizados y abuso.<\/td>\n<td width=\"37%\">1 a\u00f1o<\/td>\n<\/tr>\n<tr>\n<td width=\"14%\">SIDCC<\/td>\n<td width=\"23%\">Google LLC<\/td>\n<td width=\"24%\">Seguridad: ayuda a proteger los datos del usuario y el servicio.<\/td>\n<td width=\"37%\">1 a\u00f1o<\/td>\n<\/tr>\n<tr>\n<td width=\"14%\">SOCS<\/td>\n<td width=\"23%\">Google LLC (google.com \/ youtube.com)<\/td>\n<td width=\"24%\">T\u00e9cnica\/consentimiento: almacena el estado de elecci\u00f3n de cookies\/consentimiento.<\/td>\n<td width=\"37%\">1 a\u00f1o<\/td>\n<\/tr>\n<tr>\n<td width=\"14%\">hasConsent<\/td>\n<td width=\"23%\">euroindoorpadeles.es<\/td>\n<td width=\"24%\">T\u00e9cnica\/consentimiento: registra si el usuario ha otorgado consentimiento.<\/td>\n<td width=\"37%\">1 a\u00f1o<\/td>\n<\/tr>\n<tr>\n<td width=\"14%\">hasConsents<\/td>\n<td width=\"23%\">euroindoorpadeles.es<\/td>\n<td width=\"24%\">T\u00e9cnica\/consentimiento: registra preferencias\/estados de consentimiento.<\/td>\n<td width=\"37%\">1 a\u00f1o<\/td>\n<\/tr>\n<tr>\n<td width=\"14%\">VISITOR_PRIVACY_METADATA<\/td>\n<td width=\"23%\">YouTube (Google LLC)<\/td>\n<td width=\"24%\">T\u00e9cnica\/consentimiento: almacena el estado de privacidad\/consentimiento del usuario en YouTube.<\/td>\n<td width=\"37%\">6 meses<\/td>\n<\/tr>\n<tr>\n<td width=\"14%\">__Secure-ROLLOUT_TOKEN<\/td>\n<td width=\"23%\">YouTube (Google LLC)<\/td>\n<td width=\"24%\">T\u00e9cnica: gesti\u00f3n de despliegue\/activaci\u00f3n de funcionalidades y pruebas A\/B.<\/td>\n<td width=\"37%\">6 meses<\/td>\n<\/tr>\n<tr>\n<td width=\"14%\">__Secure-YEC<\/td>\n<td width=\"23%\">YouTube (Google LLC)<\/td>\n<td width=\"24%\">T\u00e9cnica\/seguridad: ayuda a mantener la integridad de la sesi\u00f3n y prevenir abusos.<\/td>\n<td width=\"37%\">15 meses<\/td>\n<\/tr>\n<tr>\n<td width=\"14%\">YSC<\/td>\n<td width=\"23%\">YouTube (Google LLC)<\/td>\n<td width=\"24%\">T\u00e9cnica: cookie de sesi\u00f3n para el funcionamiento del reproductor (mantener sesi\u00f3n\/solicitudes).<\/td>\n<td width=\"37%\">Sesi\u00f3n<\/td>\n<\/tr>\n<\/tbody>\n<\/table>\n<h3>Cookies de preferencias<\/h3>\n<p>Las cookies de preferencias permiten a la p\u00e1gina web recordar informaci\u00f3n que cambia la forma en que la p\u00e1gina se comporta o el aspecto que tiene, como su idioma preferido o la regi\u00f3n en la que usted se encuentra.<\/p>\n<table width=\"97%\">\n<tbody>\n<tr>\n<td width=\"14%\">Nombre<\/td>\n<td width=\"23%\">Proveedor<\/td>\n<td width=\"24%\">Prop\u00f3sito<\/td>\n<td width=\"37%\">Caducidad<\/td>\n<\/tr>\n<tr>\n<td width=\"14%\">PREF<\/td>\n<td width=\"23%\">YouTube (Google LLC)<\/td>\n<td width=\"24%\">Guarda ajustes del reproductor\/usuario (p. ej., idioma, configuraci\u00f3n).<\/td>\n<td width=\"37%\">13 meses<\/td>\n<\/tr>\n<tr>\n<td width=\"14%\">NID<\/td>\n<td width=\"23%\">Google LLC<\/td>\n<td width=\"24%\">Recuerda configuraciones y puede apoyar personalizaci\u00f3n de servicios.<\/td>\n<td width=\"37%\">6 meses<\/td>\n<\/tr>\n<tr>\n<td width=\"14%\">__Secure-ENID<\/td>\n<td width=\"23%\">Google LLC<\/td>\n<td width=\"24%\">Recuerda configuraciones y otra informaci\u00f3n (p. ej., idioma\/seguridad\/personalizaci\u00f3n).<\/td>\n<td width=\"37%\">12 meses<\/td>\n<\/tr>\n<\/tbody>\n<\/table>\n<h3>Cookies de estad\u00edsticas<\/h3>\n<p>Las cookies estad\u00edsticas ayudan a los propietarios de p\u00e1ginas web a comprender c\u00f3mo interact\u00faan los visitantes con las p\u00e1ginas web reuniendo y proporcionando informaci\u00f3n de forma an\u00f3nima.<\/p>\n<p>Para deshabilitar las cookies de Google Analytics, puede instalar el Complemento inhabilitaci\u00f3n para navegadores de Google Analytics que le permitir\u00e1 no mandar informaci\u00f3n estad\u00edstica. Lo tiene disponible en el siguiente enlace: <a href=\"https:\/\/tools.google.com\/dlpage\/gaoptout?hl=es\">https:\/\/tools.google.com\/dlpage\/gaoptout?hl=es<\/a><\/p>\n<table width=\"97%\">\n<tbody>\n<tr>\n<td width=\"14%\">Nombre<\/td>\n<td width=\"23%\">Proveedor<\/td>\n<td width=\"24%\">Prop\u00f3sito<\/td>\n<td width=\"37%\">Caducidad<\/td>\n<\/tr>\n<tr>\n<td width=\"14%\">_ga<\/td>\n<td width=\"23%\">Google Analytics<\/td>\n<td width=\"24%\">Registra una identificaci\u00f3n \u00fanica que se utiliza para generar datos estad\u00edsticos acerca de c\u00f3mo utiliza el visitante el sitio web<\/td>\n<td width=\"37%\">1 a\u00f1o<\/td>\n<\/tr>\n<tr>\n<td width=\"14%\">_ga_16QSQEEC20<\/td>\n<td width=\"23%\">Google Analytics<\/td>\n<td width=\"24%\">Mantiene el estado de sesi\u00f3n\/medici\u00f3n asociada a GA4.<\/td>\n<td width=\"37%\">1 a\u00f1o<\/td>\n<\/tr>\n<\/tbody>\n<\/table>\n<h3>Cookies de Marketing<\/h3>\n<p>Las cookies de marketing se utilizan para rastrear a los visitantes en las p\u00e1ginas web. La intenci\u00f3n es mostrar anuncios relevantes y atractivos para el usuario individual y, por lo tanto, m\u00e1s valiosos para los editores y terceros anunciantes.<\/p>\n<table width=\"97%\">\n<tbody>\n<tr>\n<td width=\"14%\"><strong>Nombre<\/strong><\/td>\n<td width=\"23%\"><strong>Proveedor<\/strong><\/td>\n<td width=\"24%\"><strong>Prop\u00f3sito<\/strong><\/td>\n<td width=\"37%\"><strong>Caducidad<\/strong><\/td>\n<\/tr>\n<tr>\n<td width=\"14%\">_fbp<\/td>\n<td width=\"23%\">Meta Platforms<\/td>\n<td width=\"24%\">Marketing: medici\u00f3n y atribuci\u00f3n de campa\u00f1as (Facebook Pixel), creaci\u00f3n de audiencias.<\/td>\n<td width=\"37%\">3 meses<\/td>\n<\/tr>\n<tr>\n<td width=\"14%\">APISID<\/td>\n<td width=\"23%\">Google LLC<\/td>\n<td width=\"24%\">Marketing: personalizaci\u00f3n de anuncios y perfilado (servicios Google).<\/td>\n<td width=\"37%\">13 meses<\/td>\n<\/tr>\n<tr>\n<td width=\"14%\">HSID<\/td>\n<td width=\"23%\">Google LLC<\/td>\n<td width=\"24%\">Marketing (y seguridad): identificaci\u00f3n\/autenticaci\u00f3n y apoyo a personalizaci\u00f3n de anuncios.<\/td>\n<td width=\"37%\">13 meses<\/td>\n<\/tr>\n<tr>\n<td width=\"14%\">SAPISID<\/td>\n<td width=\"23%\">Google LLC<\/td>\n<td width=\"24%\">Marketing: personalizaci\u00f3n de anuncios y medici\u00f3n (servicios Google).<\/td>\n<td width=\"37%\">13 meses<\/td>\n<\/tr>\n<tr>\n<td width=\"14%\">SID<\/td>\n<td width=\"23%\">Google LLC<\/td>\n<td width=\"24%\">Marketing (y seguridad): identificaci\u00f3n\/autenticaci\u00f3n; puede apoyar personalizaci\u00f3n publicitaria.<\/td>\n<td width=\"37%\">13 meses<\/td>\n<\/tr>\n<tr>\n<td width=\"14%\">SSID<\/td>\n<td width=\"23%\">Google LLC<\/td>\n<td width=\"24%\">Marketing (y seguridad): identificaci\u00f3n\/autenticaci\u00f3n; puede apoyar personalizaci\u00f3n publicitaria.<\/td>\n<td width=\"37%\">13 meses<\/td>\n<\/tr>\n<tr>\n<td width=\"14%\">__Secure-1PAPISID<\/td>\n<td width=\"23%\">Google LLC<\/td>\n<td width=\"24%\">Marketing: crea un perfil de intereses para mostrar anuncios relevantes.<\/td>\n<td width=\"37%\">13 meses<\/td>\n<\/tr>\n<tr>\n<td width=\"14%\">__Secure-3PAPISID<\/td>\n<td width=\"23%\">Google LLC<\/td>\n<td width=\"24%\">Marketing: crea un perfil de intereses para mostrar anuncios relevantes.<\/td>\n<td width=\"37%\">13 meses<\/td>\n<\/tr>\n<tr>\n<td width=\"14%\">__Secure-1PSID<\/td>\n<td width=\"23%\">Google LLC<\/td>\n<td width=\"24%\">Marketing: personalizaci\u00f3n\/medici\u00f3n publicitaria en servicios Google.<\/td>\n<td width=\"37%\">13 meses<\/td>\n<\/tr>\n<tr>\n<td width=\"14%\">__Secure-3PSID<\/td>\n<td width=\"23%\">Google LLC<\/td>\n<td width=\"24%\">Marketing: personalizaci\u00f3n\/medici\u00f3n publicitaria en servicios Google.<\/td>\n<td width=\"37%\">13 meses<\/td>\n<\/tr>\n<tr>\n<td width=\"14%\">__Secure-YENID<\/td>\n<td width=\"23%\">YouTube (Google LLC)<\/td>\n<td width=\"24%\">Marketing: personalizaci\u00f3n de anuncios\/medici\u00f3n en YouTube.<\/td>\n<td width=\"37%\">1 a\u00f1o<\/td>\n<\/tr>\n<tr>\n<td width=\"14%\">__Secure-YNID<\/td>\n<td width=\"23%\">YouTube (Google LLC)<\/td>\n<td width=\"24%\">Marketing: publicidad personalizada\/medici\u00f3n (servicios Google\/YouTube).<\/td>\n<td width=\"37%\">6 meses<\/td>\n<\/tr>\n<tr>\n<td width=\"14%\">VISITOR_INFO1_LIVE<\/td>\n<td width=\"23%\">YouTube (Google LLC)<\/td>\n<td width=\"24%\">Marketing (y funcional): estimaci\u00f3n de ancho de banda y posible seguimiento\/medici\u00f3n publicitaria.<\/td>\n<td width=\"37%\">6 meses<\/td>\n<\/tr>\n<tr>\n<td width=\"14%\">YSC<\/td>\n<td width=\"23%\">YouTube (Google LLC)<\/td>\n<td width=\"24%\">Marketing (y funcional): seguimiento de interacci\u00f3n con v\u00eddeos embebidos (sesi\u00f3n).<\/td>\n<td width=\"37%\">Sesi\u00f3n<\/td>\n<\/tr>\n<tr>\n<td width=\"14%\">NID<\/td>\n<td width=\"23%\">Google LLC<\/td>\n<td width=\"24%\">Marketing: puede usarse para personalizaci\u00f3n de anuncios.<\/td>\n<td width=\"37%\">6 meses<\/td>\n<\/tr>\n<tr>\n<td width=\"14%\">__Secure-ENID<\/td>\n<td width=\"23%\">Google LLC<\/td>\n<td width=\"24%\">Marketing: puede apoyar personalizaci\u00f3n\/medici\u00f3n publicitaria.<\/td>\n<td width=\"37%\">12 meses<\/td>\n<\/tr>\n<\/tbody>\n<\/table>\n<h2>C\u00f3mo habilitar\/deshabilitar las Cookies en los principales navegadores:<\/h2>\n<p>Normalmente es posible dejar de aceptar las Cookies del navegador, o dejar de aceptar las Cookies de un Servicio en particular.<\/p>\n<p>Todos los navegadores modernos permiten cambiar la configuraci\u00f3n de Cookies. Estos ajustes normalmente se encuentran en las \u2018opciones\u2019 o \u2018Preferencias\u2019 del men\u00fa de su navegador. Asimismo, puede configurar su navegador o su gestor de correo electr\u00f3nico.<\/p>\n<p>A continuaci\u00f3n, se ofrece orientaci\u00f3n al Usuario sobre los pasos para acceder al men\u00fa de configuraci\u00f3n de las cookies y, en su caso, de la navegaci\u00f3n privada en cada uno de los navegadores principales:<\/p>\n<p><strong>Internet Explorer:<\/strong> Herramientas -&gt; Opciones de Internet\u00a0-&gt; Privacidad\u00a0-&gt; Configuraci\u00f3n. Para m\u00e1s informaci\u00f3n, puede consultar el <a href=\"http:\/\/windows.microsoft.com\/es-ES\/windows\/support\">soporte de Microsoft<\/a> o la Ayuda del navegador.<\/p>\n<p><strong>Firefox:<\/strong> Herramientas\u00a0-&gt; Opciones\u00a0-&gt; Privacidad\u00a0-&gt; Historial\u00a0-&gt; Configuraci\u00f3n Personalizada. Para m\u00e1s informaci\u00f3n, puede consultar el <a href=\"http:\/\/support.mozilla.org\/es\/home\">soporte de Mozilla<\/a> o la Ayuda del navegador.<\/p>\n<p><strong>Chrome:<\/strong> Configuraci\u00f3n\u00a0-&gt; Mostrar opciones avanzadas\u00a0-&gt; Privacidad\u00a0-&gt; Configuraci\u00f3n de contenido. Para m\u00e1s informaci\u00f3n, puede consultar el <a href=\"http:\/\/support.google.com\/chrome\/?hl=es\">soporte de Google<\/a> o la Ayuda del navegador.<\/p>\n<p><strong>Safari:<\/strong> Preferencias\u00a0-&gt; Seguridad. Para m\u00e1s informaci\u00f3n, puede consultar el <a href=\"http:\/\/www.apple.com\/es\/support\/safari\/\">soporte de Apple<\/a> o la Ayuda del navegador.<\/p>\n<h3>\u00bfQu\u00e9 ocurre si se deshabilitan las Cookies?<\/h3>\n<p>Algunas funcionalidades de los Servicios quedar\u00e1n deshabilitadas como, por ejemplo, permanecer\u00a0identificado, mantener las compras en el \u201ccarrito de la compra\u201d, etc.<\/p>\n","protected":false},"excerpt":{"rendered":"<p>POL\u00cdTICA DE COOKIES DEFINICI\u00d3N y funci\u00f3n gen\u00e9rica de las COOKIES Las cookies son identificadores que enviamos al disco duro de su ordenador a trav\u00e9s de su navegador Web con el fin de que nuestros sistemas puedan reconocer su navegador y ofrecerle ciertos servicios. En general, estas tecnolog\u00edas pueden servir para finalidades muy diferentes, por ejemplo, [&hellip;]<\/p>\n","protected":false},"author":1,"featured_media":0,"parent":0,"menu_order":0,"comment_status":"closed","ping_status":"closed","template":"","meta":{"footnotes":""},"class_list":["post-5962","page","type-page","status-publish","hentry"],"yoast_head":"<!-- This site is optimized with the Yoast SEO plugin v27.4 - https:\/\/yoast.com\/product\/yoast-seo-wordpress\/ -->\n<title>Pol\u00edtica de Cookies - Euroindoor Alcorc\u00f3n<\/title>\n<meta name=\"robots\" content=\"index, follow, max-snippet:-1, max-image-preview:large, max-video-preview:-1\" \/>\n<link rel=\"canonical\" href=\"https:\/\/euroindoorpadel.es\/euroindoor-alcorcon\/politica-de-cookies\/\" \/>\n<meta property=\"og:locale\" content=\"es_ES\" \/>\n<meta property=\"og:type\" content=\"article\" \/>\n<meta property=\"og:title\" content=\"Pol\u00edtica de Cookies - Euroindoor Alcorc\u00f3n\" \/>\n<meta property=\"og:description\" content=\"POL\u00cdTICA DE COOKIES DEFINICI\u00d3N y funci\u00f3n gen\u00e9rica de las COOKIES Las cookies son identificadores que enviamos al disco duro de su ordenador a trav\u00e9s de su navegador Web con el fin de que nuestros sistemas puedan reconocer su navegador y ofrecerle ciertos servicios. En general, estas tecnolog\u00edas pueden servir para finalidades muy diferentes, por ejemplo, [&hellip;]\" \/>\n<meta property=\"og:url\" content=\"https:\/\/euroindoorpadel.es\/euroindoor-alcorcon\/politica-de-cookies\/\" \/>\n<meta property=\"og:site_name\" content=\"Euroindoor Alcorc\u00f3n\" \/>\n<meta property=\"article:modified_time\" content=\"2026-03-17T08:58:53+00:00\" \/>\n<meta name=\"twitter:card\" content=\"summary_large_image\" \/>\n<meta name=\"twitter:label1\" content=\"Tiempo de lectura\" \/>\n\t<meta name=\"twitter:data1\" content=\"5 minutos\" \/>\n<script type=\"application\/ld+json\" class=\"yoast-schema-graph\">{\"@context\":\"https:\\\/\\\/schema.org\",\"@graph\":[{\"@type\":\"WebPage\",\"@id\":\"https:\\\/\\\/euroindoorpadel.es\\\/euroindoor-alcorcon\\\/politica-de-cookies\\\/\",\"url\":\"https:\\\/\\\/euroindoorpadel.es\\\/euroindoor-alcorcon\\\/politica-de-cookies\\\/\",\"name\":\"Pol\u00edtica de Cookies - Euroindoor Alcorc\u00f3n\",\"isPartOf\":{\"@id\":\"https:\\\/\\\/euroindoorpadel.es\\\/euroindoor-alcorcon\\\/#website\"},\"datePublished\":\"2020-02-04T08:07:36+00:00\",\"dateModified\":\"2026-03-17T08:58:53+00:00\",\"breadcrumb\":{\"@id\":\"https:\\\/\\\/euroindoorpadel.es\\\/euroindoor-alcorcon\\\/politica-de-cookies\\\/#breadcrumb\"},\"inLanguage\":\"es\",\"potentialAction\":[{\"@type\":\"ReadAction\",\"target\":[\"https:\\\/\\\/euroindoorpadel.es\\\/euroindoor-alcorcon\\\/politica-de-cookies\\\/\"]}]},{\"@type\":\"BreadcrumbList\",\"@id\":\"https:\\\/\\\/euroindoorpadel.es\\\/euroindoor-alcorcon\\\/politica-de-cookies\\\/#breadcrumb\",\"itemListElement\":[{\"@type\":\"ListItem\",\"position\":1,\"name\":\"Portada\",\"item\":\"https:\\\/\\\/euroindoorpadel.es\\\/euroindoor-alcorcon\\\/\"},{\"@type\":\"ListItem\",\"position\":2,\"name\":\"Pol\u00edtica de Cookies\"}]},{\"@type\":\"WebSite\",\"@id\":\"https:\\\/\\\/euroindoorpadel.es\\\/euroindoor-alcorcon\\\/#website\",\"url\":\"https:\\\/\\\/euroindoorpadel.es\\\/euroindoor-alcorcon\\\/\",\"name\":\"Euroindoor Alcorc\u00f3n\",\"description\":\"Otro sitio realizado con WordPress\",\"potentialAction\":[{\"@type\":\"SearchAction\",\"target\":{\"@type\":\"EntryPoint\",\"urlTemplate\":\"https:\\\/\\\/euroindoorpadel.es\\\/euroindoor-alcorcon\\\/?s={search_term_string}\"},\"query-input\":{\"@type\":\"PropertyValueSpecification\",\"valueRequired\":true,\"valueName\":\"search_term_string\"}}],\"inLanguage\":\"es\"}]}<\/script>\n<!-- \/ Yoast SEO plugin. -->","yoast_head_json":{"title":"Pol\u00edtica de Cookies - Euroindoor Alcorc\u00f3n","robots":{"index":"index","follow":"follow","max-snippet":"max-snippet:-1","max-image-preview":"max-image-preview:large","max-video-preview":"max-video-preview:-1"},"canonical":"https:\/\/euroindoorpadel.es\/euroindoor-alcorcon\/politica-de-cookies\/","og_locale":"es_ES","og_type":"article","og_title":"Pol\u00edtica de Cookies - Euroindoor Alcorc\u00f3n","og_description":"POL\u00cdTICA DE COOKIES DEFINICI\u00d3N y funci\u00f3n gen\u00e9rica de las COOKIES Las cookies son identificadores que enviamos al disco duro de su ordenador a trav\u00e9s de su navegador Web con el fin de que nuestros sistemas puedan reconocer su navegador y ofrecerle ciertos servicios. En general, estas tecnolog\u00edas pueden servir para finalidades muy diferentes, por ejemplo, [&hellip;]","og_url":"https:\/\/euroindoorpadel.es\/euroindoor-alcorcon\/politica-de-cookies\/","og_site_name":"Euroindoor Alcorc\u00f3n","article_modified_time":"2026-03-17T08:58:53+00:00","twitter_card":"summary_large_image","twitter_misc":{"Tiempo de lectura":"5 minutos"},"schema":{"@context":"https:\/\/schema.org","@graph":[{"@type":"WebPage","@id":"https:\/\/euroindoorpadel.es\/euroindoor-alcorcon\/politica-de-cookies\/","url":"https:\/\/euroindoorpadel.es\/euroindoor-alcorcon\/politica-de-cookies\/","name":"Pol\u00edtica de Cookies - Euroindoor Alcorc\u00f3n","isPartOf":{"@id":"https:\/\/euroindoorpadel.es\/euroindoor-alcorcon\/#website"},"datePublished":"2020-02-04T08:07:36+00:00","dateModified":"2026-03-17T08:58:53+00:00","breadcrumb":{"@id":"https:\/\/euroindoorpadel.es\/euroindoor-alcorcon\/politica-de-cookies\/#breadcrumb"},"inLanguage":"es","potentialAction":[{"@type":"ReadAction","target":["https:\/\/euroindoorpadel.es\/euroindoor-alcorcon\/politica-de-cookies\/"]}]},{"@type":"BreadcrumbList","@id":"https:\/\/euroindoorpadel.es\/euroindoor-alcorcon\/politica-de-cookies\/#breadcrumb","itemListElement":[{"@type":"ListItem","position":1,"name":"Portada","item":"https:\/\/euroindoorpadel.es\/euroindoor-alcorcon\/"},{"@type":"ListItem","position":2,"name":"Pol\u00edtica de Cookies"}]},{"@type":"WebSite","@id":"https:\/\/euroindoorpadel.es\/euroindoor-alcorcon\/#website","url":"https:\/\/euroindoorpadel.es\/euroindoor-alcorcon\/","name":"Euroindoor Alcorc\u00f3n","description":"Otro sitio realizado con WordPress","potentialAction":[{"@type":"SearchAction","target":{"@type":"EntryPoint","urlTemplate":"https:\/\/euroindoorpadel.es\/euroindoor-alcorcon\/?s={search_term_string}"},"query-input":{"@type":"PropertyValueSpecification","valueRequired":true,"valueName":"search_term_string"}}],"inLanguage":"es"}]}},"_links":{"self":[{"href":"https:\/\/euroindoorpadel.es\/euroindoor-alcorcon\/wp-json\/wp\/v2\/pages\/5962","targetHints":{"allow":["GET"]}}],"collection":[{"href":"https:\/\/euroindoorpadel.es\/euroindoor-alcorcon\/wp-json\/wp\/v2\/pages"}],"about":[{"href":"https:\/\/euroindoorpadel.es\/euroindoor-alcorcon\/wp-json\/wp\/v2\/types\/page"}],"author":[{"embeddable":true,"href":"https:\/\/euroindoorpadel.es\/euroindoor-alcorcon\/wp-json\/wp\/v2\/users\/1"}],"replies":[{"embeddable":true,"href":"https:\/\/euroindoorpadel.es\/euroindoor-alcorcon\/wp-json\/wp\/v2\/comments?post=5962"}],"version-history":[{"count":5,"href":"https:\/\/euroindoorpadel.es\/euroindoor-alcorcon\/wp-json\/wp\/v2\/pages\/5962\/revisions"}],"predecessor-version":[{"id":7399,"href":"https:\/\/euroindoorpadel.es\/euroindoor-alcorcon\/wp-json\/wp\/v2\/pages\/5962\/revisions\/7399"}],"wp:attachment":[{"href":"https:\/\/euroindoorpadel.es\/euroindoor-alcorcon\/wp-json\/wp\/v2\/media?parent=5962"}],"curies":[{"name":"wp","href":"https:\/\/api.w.org\/{rel}","templated":true}]}}