{"id":5960,"date":"2020-02-04T08:07:17","date_gmt":"2020-02-04T08:07:17","guid":{"rendered":"http:\/\/test2.besocialcom.es\/?page_id=5960"},"modified":"2026-03-17T08:55:26","modified_gmt":"2026-03-17T08:55:26","slug":"politica-de-privacidad","status":"publish","type":"page","link":"https:\/\/euroindoorpadel.es\/euroindoor-alcorcon\/politica-de-privacidad\/","title":{"rendered":"Pol\u00edtica de Privacidad"},"content":{"rendered":"<h3><a name=\"_Toc530642023\"><\/a>\u00bfQUI\u00c9N ES EL RESPONSABLE DEL TRATAMIENTO DE SUS DATOS?<\/h3>\n<ul>\n<li><strong>RESPONSABLE DEL TRATAMIENTO <\/strong>de sus datos es: EUROINDOOR ALCORCON, S.L.<\/li>\n<li><strong>CIF: <\/strong>B86922945<\/li>\n<li><strong>Direcci\u00f3n Postal:<\/strong> C\/ Pintores, 7, 28923, Alcorc\u00f3n, Madrid<\/li>\n<li><strong>Correo electr\u00f3nico: <\/strong><u>info@euroindoorpadel.com<\/u><\/li>\n<\/ul>\n<h3><a name=\"_Toc530642024\"><\/a>\u00bfQU\u00c9 TIPO DE DATOS TRATAMOS?<\/h3>\n<p>Dependiendo de los servicios o funcionalidades de los que quieras disfrutar en cada momento necesitaremos tratar unos datos u otros.\u00a0 En general dichos datos, ser\u00e1n, seg\u00fan el caso, los siguientes:<\/p>\n<ul>\n<li>Tus datos identificativos (Por ejemplo: Tu nombre, apellido, idioma, pa\u00eds desde el que interact\u00faes con nosotros, datos de contacto, etc.)<\/li>\n<li>Datos de conexi\u00f3n, geolocalizaci\u00f3n y navegaci\u00f3n (en caso de que interact\u00faes con nosotros desde el m\u00f3vil, por ejemplo).<\/li>\n<li>Datos sobre tus gustos y preferencias.<\/li>\n<\/ul>\n<p>Recuerda que, cuando te pidamos que rellenes tus datos personales para darte acceso a alguna funcionalidad o servicio de la web, marcaremos algunos campos como obligatorios, puesto que son datos que necesitamos para poder prestarte el servicio o darte acceso a la funcionalidad en cuesti\u00f3n.<\/p>\n<p>Por favor, ten en cuenta que, si decides no facilitarnos esos datos, es posible que no puedas completar tu registro como usuario o que no puedas disfrutar de esos servicios o funcionalidades.<\/p>\n<h3>DATOS DE MENORES<\/h3>\n<p>En cumplimiento de la normativa de protecci\u00f3n de datos, los formularios habilitados en esta web no podr\u00e1n ser utilizados por personas menores de 14 a\u00f1os. En consecuencia, no se tramitar\u00e1n ni atender\u00e1n solicitudes, consultas o comunicaciones remitidas por menores de 14 a\u00f1os, y se proceder\u00e1 a su bloqueo o eliminaci\u00f3n cuando detecte dicha circunstancia.<\/p>\n<p>Asimismo, Euroindoor no asumir\u00e1 responsabilidad por el tratamiento incidental u ocasional de datos personales de menores de 14 a\u00f1os que pudieran remitirse indebidamente a trav\u00e9s de esta web (por ejemplo, mediante el env\u00edo voluntario de informaci\u00f3n en campos abiertos), sin perjuicio de adoptar medidas razonables para su supresi\u00f3n en cuanto tenga conocimiento de ello.<\/p>\n<h3><a name=\"_Toc530642025\"><\/a>\u00bfCON QU\u00c9 FINALIDAD TRATAMOS SUS DATOS PERSONALES?<\/h3>\n<p>Dependiendo de c\u00f3mo interact\u00faes con nuestra web, trataremos tus datos personales para las siguientes finalidades:<\/p>\n<ol>\n<li><strong>Para atender las solicitudes o peticiones que realices a trav\u00e9s de los distintos medios incorporados a nuestra web. <\/strong><\/li>\n<\/ol>\n<p>S\u00f3lo tratamos los datos personales que sean estrictamente necesarios para gestionar o resolver su solicitud o petici\u00f3n.<\/p>\n<ol>\n<li><strong>Para la gesti\u00f3n de redes sociales<\/strong><\/li>\n<\/ol>\n<p>En el caso de que nos sigas o nos contactes a trav\u00e9s de las diferentes redes sociales en las que estamos presentes, trataremos los datos que t\u00fa nos proporciones a trav\u00e9s de las mismas. Con la \u00fanica finalidad de dar respuesta a tus mensajes o comentarios y la gesti\u00f3n de nuestra lista de contactos.<\/p>\n<ol>\n<li><strong>An\u00e1lisis de usabilidad y de calidad para la mejora de nuestros servicios (Cookies)<\/strong><\/li>\n<\/ol>\n<p>Si accedes a nuestra Plataforma, te informamos de que trataremos tus datos de navegaci\u00f3n para fines anal\u00edticos y estad\u00edsticos, es decir, para entender la forma en la que los usuarios interact\u00faan con nuestra Plataforma y as\u00ed ser capaces de introducir mejoras en la misma. As\u00ed mismo, en ocasiones, realizamos acciones y encuestas de calidad destinadas a conocer el grado de satisfacci\u00f3n de nuestros clientes y usuarios y detectar aquellas \u00e1reas en las que podemos mejorar.<\/p>\n<h3><a name=\"_Toc530642026\"><\/a>\u00bfCU\u00c1L ES LA LEGITIMACI\u00d3N PARA EL TRATAMIENTO DE SUS DATOS?<\/h3>\n<p>La base legal que nos permite tratar tus datos personales tambi\u00e9n depende de la finalidad para la que los tratemos, de este modo encontraremos distintas bases legales en virtud de las siguientes finalidades:<\/p>\n<ol>\n<li><strong>\u00a0Atenci\u00f3n solicitudes de informaci\u00f3n.<\/strong><\/li>\n<\/ol>\n<p>La base legal para el tratamiento de tus datos es el consentimiento informado para dar respuesta a las consultas planteadas a trav\u00e9s de la p\u00e1gina web, lo que supone la aceptaci\u00f3n de estas condiciones por parte del interesado, as\u00ed como nuestro inter\u00e9s leg\u00edtimo en atender las consultas planteadas.<\/p>\n<p>En los distintos formularios, el consentimiento se entender\u00e1 otorgado al enviar su respuesta al formulario, marcando la casilla correspondiente a la aceptaci\u00f3n de las condiciones de privacidad.<\/p>\n<ol start=\"2\">\n<li><strong>Redes sociales<\/strong><\/li>\n<\/ol>\n<p>La base de legitimaci\u00f3n es el consentimiento informado para dar respuesta a las consultas planteadas a trav\u00e9s de la red social, as\u00ed como el momento en el que nos sigues y deseas forma parte de nuestra lista de contactos.<\/p>\n<ol>\n<li><strong>An\u00e1lisis de usabilidad y de calidad (Cookies)<\/strong><\/li>\n<\/ol>\n<p>La base de legitimaci\u00f3n es el consentimiento prestado en nuestra web para la instalaci\u00f3n de las cookies que consideres oportunas.<\/p>\n<ol start=\"4\">\n<li><strong>Inscripci\u00f3n en la escuela de p\u00e1del. <\/strong><\/li>\n<\/ol>\n<p>La base para el tratamiento de tus datos ser\u00e1 la aplicaci\u00f3n de medidas precontractuales para tramitar, en su caso, la inscripci\u00f3n a nuestra escuela de p\u00e1del.<\/p>\n<h3><a name=\"_Toc530642027\"><\/a>\u00bfDURANTE CU\u00c1NTO TIEMPO CONSERVAREMOS SUS DATOS?<\/h3>\n<ol>\n<li><strong>Solicitud de informaci\u00f3n.<\/strong><\/li>\n<\/ol>\n<p>Trataremos tus datos durante el tiempo que sea necesario para atender tu solicitud o petici\u00f3n y posteriormente 1 a\u00f1o.<\/p>\n<ol start=\"2\">\n<li><strong>Redes sociales<\/strong><\/li>\n<\/ol>\n<p>Trataremos tus datos durante el tiempo que sea necesario para atender tu solicitud o petici\u00f3n y mientras seas seguidor de nuestro perfil.<\/p>\n<ol start=\"3\">\n<li><strong>An\u00e1lisis de usabilidad y de calidad (Cookies)<\/strong><\/li>\n<\/ol>\n<p>Seg\u00fan lo establecido en la pol\u00edtica de cookies.<\/p>\n<ol start=\"4\">\n<li><strong>Inscripci\u00f3n en la escuela de p\u00e1del. <\/strong><\/li>\n<\/ol>\n<p>Durante el tiempo necesario para la prestaci\u00f3n del servicio y, posteriormente, para el cumplimiento de las obligaciones legales de aplicaci\u00f3n.<\/p>\n<h3><a name=\"_Toc530642028\"><\/a>\u00bfCOMPARTIREMOS SUS DATOS CON TERCEROS?<\/h3>\n<p>Los datos personales no ser\u00e1n cedidos o comunicados a terceros, salvo: obligaci\u00f3n legal, obtengamos tu consentimiento expreso o entendamos que existe un inter\u00e9s leg\u00edtimo por nuestra parte, que te ser\u00e1 debidamente comunicado.<\/p>\n<p>No obstante, te informamos de que estamos presentes en las siguientes redes sociales.: Facebook, LinkedIn e Instagram, para mantener a nuestros seguidores informados respecto de las novedades y servicios de la empresa.<\/p>\n<p>Puedes acceder a estas redes sociales de manera voluntaria y a trav\u00e9s de los enlaces disponibles en la propia p\u00e1gina web o accediendo directamente y por tu cuenta desde el navegador o app instalada.<\/p>\n<p>Debes saber, que este sitio web no se hace responsable del uso de los datos que estas redes sociales pueden realizar. Sin embargo, cuando estos datos se generen en la red social y deriven de una interacci\u00f3n con nuestra cuenta oficial, seremos corresponsables del tratamiento junto con la red social.<\/p>\n<p>Para poder consentir nuestra cesi\u00f3n desde este sitio web y el tratamiento que se realiza de tus datos, deber\u00e1s leer detenidamente la pol\u00edtica de privacidad de la red social a la que desees acceder:<\/p>\n<ul>\n<li>Facebook: <a href=\"https:\/\/es-es.facebook.com\/privacy\/explanation\">https:\/\/es-es.facebook.com\/privacy\/explanation<\/a><\/li>\n<li>LinkedIn: <a href=\"https:\/\/es.linkedin.com\/legal\/privacy-policy\">https:\/\/es.linkedin.com\/legal\/privacy-policy<\/a><\/li>\n<li>Instagram: <a href=\"https:\/\/privacycenter.instagram.com\/policy\/?entry_point=ig_help_center_data_policy_redirect\">https:\/\/privacycenter.instagram.com\/policy\/?entry_point=ig_help_center_data_policy_redirect<\/a><\/li>\n<\/ul>\n<p>De esta manera, antes de pinchar en los logos de las RR. SS. presentes en nuestra p\u00e1gina web, puedes informarte y realizar un redireccionamiento con previo conocimiento del tratamiento de sus datos y de manera voluntaria.<\/p>\n<p>Otros servicios tecnol\u00f3gicos:<\/p>\n<ul>\n<li>WhatsApp: <a href=\"https:\/\/www.whatsapp.com\/legal\/updates\/privacy-policy\/?lang=es\">https:\/\/www.whatsapp.com\/legal\/updates\/privacy-policy\/?lang=es<\/a><\/li>\n<\/ul>\n<p><strong>Prestaci\u00f3n del servicio y transferencias internacionales:<\/strong><\/p>\n<p>Para el correcto desarrollo de la relaci\u00f3n contractual y la excelencia en la prestaci\u00f3n del servicio, EUROINDOOR ALCORCON, S.L. compartir\u00e1 ciertos datos de car\u00e1cter personal de los usuarios con otros proveedores de servicios.<\/p>\n<p>No se prev\u00e9n transferencias internacionales de datos; cualquier transferencia internacional de datos personales (por ejemplo, en el caso de uso de cookies, redes sociales, etc.) se basar\u00e1 en tu consentimiento expreso, en caso de que no exista una decisi\u00f3n de adecuaci\u00f3n, garant\u00edas adecuadas u otra base legal que la legitime.<\/p>\n<h3><a name=\"_Toc530642029\"><\/a>\u00bfCU\u00c1LES SON SUS DERECHOS CUANDO NOS FACILITA SUS DATOS?<\/h3>\n<p>Nos comprometemos a respetar la confidencialidad de tus datos personales y a garantizarte el ejercicio de tus derechos.<\/p>\n<p>Podr\u00e1s ejercitarlos sin coste alguno remiti\u00e9ndonos un correo electr\u00f3nico a nuestra direcci\u00f3n info@euroindoorpadel.com, simplemente indic\u00e1ndonos el motivo de tu solicitud y el derecho que quieres ejercitar.<\/p>\n<p>En caso de que lo consideremos necesario para poder identificarte, podremos solicitarte copia de un documento acreditativo de tu identidad. En particular, independientemente de la finalidad o la base legal en virtud de la que tratemos tus datos, tienes derecho a:<\/p>\n<p>Pedirnos acceso a los datos tuyos de los que disponemos.<\/p>\n<p>Pedirnos que rectifiquemos los datos de los que ya disponemos. Ten en cuenta que, al facilitarnos activamente tus datos personales por cualquier v\u00eda, garantizas que son ciertos y exactos y te comprometes a notificarnos cualquier cambio o modificaci\u00f3n de los mismos.<\/p>\n<p>Pedirnos que suprimamos tus datos en la medida en que ya no sean necesarios para la finalidad para los que necesitemos tratarlos seg\u00fan te hemos informado con anterioridad, o en que ya no contemos con legitimaci\u00f3n para hacerlo.<\/p>\n<p>Pedirnos que limitemos el tratamiento de tus datos, lo que supone que en determinados casos puedas solicitarnos que suspendamos temporalmente el tratamiento de los datos o que los conservemos m\u00e1s all\u00e1 del tiempo necesario cuando puedas necesitarlo. Si nos has proporcionado tu consentimiento para el tratamiento de tus datos para cualquier finalidad, tambi\u00e9n tienes derecho a retirarlo en cualquier momento.<\/p>\n<p>Recibir aquellos datos personales que te incumban y que nos hayas facilitado, en un formato estructurado, de uso com\u00fan y lectura mec\u00e1nica, as\u00ed como a transmitirlos a otro responsable del tratamiento.<\/p>\n<p>Por otra parte, cuando el tratamiento de tus datos est\u00e9 basado en nuestro inter\u00e9s leg\u00edtimo, tambi\u00e9n tendr\u00e1s derecho a oponerte al tratamiento de tus datos.<\/p>\n<p>Por \u00faltimo, te informamos de tu derecho a presentar una reclamaci\u00f3n ante la autoridad de control en materia de protecci\u00f3n de datos pertinente, en particular, ante la Agencia Espa\u00f1ola de Protecci\u00f3n de Datos <a href=\"https:\/\/www.agpd.es\/portalwebAGPD\/index-ides-idphp.php\">https:\/\/www.agpd.es\/portalwebAGPD\/index-ides-idphp.php<\/a><\/p>\n<h2><a name=\"_Toc530642030\"><\/a>CAMBIOS A LA POL\u00cdTICA DE PRIVACIDAD.<\/h2>\n<p>Es posible que modifiquemos la informaci\u00f3n contenida en esta Pol\u00edtica de Privacidad cuando lo estimemos conveniente. En caso de que lo hagamos, te lo notificaremos por distintas v\u00edas a trav\u00e9s de la Plataforma, o incluso te lo comunicaremos a tu direcci\u00f3n de correo electr\u00f3nico cuando el cambio en cuesti\u00f3n sea significativo para con su privacidad, de manera que pueda revisar los cambios, valorarlos y, en su caso, oponerte o darte de baja en alg\u00fan servicio o funcionalidad.<\/p>\n<h2><a name=\"_Toc530642031\"><\/a>INFORMACI\u00d3N SOBRE COOKIES<\/h2>\n<p>Utilizamos cookies y dispositivos similares para facilitar tu navegaci\u00f3n en la Plataforma, conocer c\u00f3mo interact\u00faas con nosotros y, en determinados casos, poder mostrarte publicidad en funci\u00f3n de tus h\u00e1bitos de navegaci\u00f3n. Por favor, lee nuestra <strong>Pol\u00edtica de Cookies<\/strong> para conocer con mayor detalle las cookies y dispositivos similares que usamos, su finalidad y otra informaci\u00f3n de inter\u00e9s.<\/p>\n<p>&nbsp;<\/p>\n","protected":false},"excerpt":{"rendered":"<p>\u00bfQUI\u00c9N ES EL RESPONSABLE DEL TRATAMIENTO DE SUS DATOS? RESPONSABLE DEL TRATAMIENTO de sus datos es: EUROINDOOR ALCORCON, S.L. CIF: B86922945 Direcci\u00f3n Postal: C\/ Pintores, 7, 28923, Alcorc\u00f3n, Madrid Correo electr\u00f3nico: info@euroindoorpadel.com \u00bfQU\u00c9 TIPO DE DATOS TRATAMOS? Dependiendo de los servicios o funcionalidades de los que quieras disfrutar en cada momento necesitaremos tratar unos datos [&hellip;]<\/p>\n","protected":false},"author":1,"featured_media":0,"parent":0,"menu_order":0,"comment_status":"closed","ping_status":"closed","template":"","meta":{"footnotes":""},"class_list":["post-5960","page","type-page","status-publish","hentry"],"yoast_head":"<!-- This site is optimized with the Yoast SEO plugin v27.5 - https:\/\/yoast.com\/product\/yoast-seo-wordpress\/ -->\n<title>Pol\u00edtica de Privacidad - Euroindoor Alcorc\u00f3n<\/title>\n<meta name=\"robots\" content=\"index, follow, max-snippet:-1, max-image-preview:large, max-video-preview:-1\" \/>\n<link rel=\"canonical\" href=\"https:\/\/euroindoorpadel.es\/euroindoor-alcorcon\/politica-de-privacidad\/\" \/>\n<meta property=\"og:locale\" content=\"es_ES\" \/>\n<meta property=\"og:type\" content=\"article\" \/>\n<meta property=\"og:title\" content=\"Pol\u00edtica de Privacidad - Euroindoor Alcorc\u00f3n\" \/>\n<meta property=\"og:description\" content=\"\u00bfQUI\u00c9N ES EL RESPONSABLE DEL TRATAMIENTO DE SUS DATOS? RESPONSABLE DEL TRATAMIENTO de sus datos es: EUROINDOOR ALCORCON, S.L. CIF: B86922945 Direcci\u00f3n Postal: C\/ Pintores, 7, 28923, Alcorc\u00f3n, Madrid Correo electr\u00f3nico: info@euroindoorpadel.com \u00bfQU\u00c9 TIPO DE DATOS TRATAMOS? Dependiendo de los servicios o funcionalidades de los que quieras disfrutar en cada momento necesitaremos tratar unos datos [&hellip;]\" \/>\n<meta property=\"og:url\" content=\"https:\/\/euroindoorpadel.es\/euroindoor-alcorcon\/politica-de-privacidad\/\" \/>\n<meta property=\"og:site_name\" content=\"Euroindoor Alcorc\u00f3n\" \/>\n<meta property=\"article:modified_time\" content=\"2026-03-17T08:55:26+00:00\" \/>\n<meta name=\"twitter:card\" content=\"summary_large_image\" \/>\n<meta name=\"twitter:label1\" content=\"Tiempo de lectura\" \/>\n\t<meta name=\"twitter:data1\" content=\"8 minutos\" \/>\n<script type=\"application\/ld+json\" class=\"yoast-schema-graph\">{\"@context\":\"https:\\\/\\\/schema.org\",\"@graph\":[{\"@type\":\"WebPage\",\"@id\":\"https:\\\/\\\/euroindoorpadel.es\\\/euroindoor-alcorcon\\\/politica-de-privacidad\\\/\",\"url\":\"https:\\\/\\\/euroindoorpadel.es\\\/euroindoor-alcorcon\\\/politica-de-privacidad\\\/\",\"name\":\"Pol\u00edtica de Privacidad - Euroindoor Alcorc\u00f3n\",\"isPartOf\":{\"@id\":\"https:\\\/\\\/euroindoorpadel.es\\\/euroindoor-alcorcon\\\/#website\"},\"datePublished\":\"2020-02-04T08:07:17+00:00\",\"dateModified\":\"2026-03-17T08:55:26+00:00\",\"breadcrumb\":{\"@id\":\"https:\\\/\\\/euroindoorpadel.es\\\/euroindoor-alcorcon\\\/politica-de-privacidad\\\/#breadcrumb\"},\"inLanguage\":\"es\",\"potentialAction\":[{\"@type\":\"ReadAction\",\"target\":[\"https:\\\/\\\/euroindoorpadel.es\\\/euroindoor-alcorcon\\\/politica-de-privacidad\\\/\"]}]},{\"@type\":\"BreadcrumbList\",\"@id\":\"https:\\\/\\\/euroindoorpadel.es\\\/euroindoor-alcorcon\\\/politica-de-privacidad\\\/#breadcrumb\",\"itemListElement\":[{\"@type\":\"ListItem\",\"position\":1,\"name\":\"Portada\",\"item\":\"https:\\\/\\\/euroindoorpadel.es\\\/euroindoor-alcorcon\\\/\"},{\"@type\":\"ListItem\",\"position\":2,\"name\":\"Pol\u00edtica de Privacidad\"}]},{\"@type\":\"WebSite\",\"@id\":\"https:\\\/\\\/euroindoorpadel.es\\\/euroindoor-alcorcon\\\/#website\",\"url\":\"https:\\\/\\\/euroindoorpadel.es\\\/euroindoor-alcorcon\\\/\",\"name\":\"Euroindoor Alcorc\u00f3n\",\"description\":\"Otro sitio realizado con WordPress\",\"potentialAction\":[{\"@type\":\"SearchAction\",\"target\":{\"@type\":\"EntryPoint\",\"urlTemplate\":\"https:\\\/\\\/euroindoorpadel.es\\\/euroindoor-alcorcon\\\/?s={search_term_string}\"},\"query-input\":{\"@type\":\"PropertyValueSpecification\",\"valueRequired\":true,\"valueName\":\"search_term_string\"}}],\"inLanguage\":\"es\"}]}<\/script>\n<!-- \/ Yoast SEO plugin. -->","yoast_head_json":{"title":"Pol\u00edtica de Privacidad - Euroindoor Alcorc\u00f3n","robots":{"index":"index","follow":"follow","max-snippet":"max-snippet:-1","max-image-preview":"max-image-preview:large","max-video-preview":"max-video-preview:-1"},"canonical":"https:\/\/euroindoorpadel.es\/euroindoor-alcorcon\/politica-de-privacidad\/","og_locale":"es_ES","og_type":"article","og_title":"Pol\u00edtica de Privacidad - Euroindoor Alcorc\u00f3n","og_description":"\u00bfQUI\u00c9N ES EL RESPONSABLE DEL TRATAMIENTO DE SUS DATOS? RESPONSABLE DEL TRATAMIENTO de sus datos es: EUROINDOOR ALCORCON, S.L. CIF: B86922945 Direcci\u00f3n Postal: C\/ Pintores, 7, 28923, Alcorc\u00f3n, Madrid Correo electr\u00f3nico: info@euroindoorpadel.com \u00bfQU\u00c9 TIPO DE DATOS TRATAMOS? Dependiendo de los servicios o funcionalidades de los que quieras disfrutar en cada momento necesitaremos tratar unos datos [&hellip;]","og_url":"https:\/\/euroindoorpadel.es\/euroindoor-alcorcon\/politica-de-privacidad\/","og_site_name":"Euroindoor Alcorc\u00f3n","article_modified_time":"2026-03-17T08:55:26+00:00","twitter_card":"summary_large_image","twitter_misc":{"Tiempo de lectura":"8 minutos"},"schema":{"@context":"https:\/\/schema.org","@graph":[{"@type":"WebPage","@id":"https:\/\/euroindoorpadel.es\/euroindoor-alcorcon\/politica-de-privacidad\/","url":"https:\/\/euroindoorpadel.es\/euroindoor-alcorcon\/politica-de-privacidad\/","name":"Pol\u00edtica de Privacidad - Euroindoor Alcorc\u00f3n","isPartOf":{"@id":"https:\/\/euroindoorpadel.es\/euroindoor-alcorcon\/#website"},"datePublished":"2020-02-04T08:07:17+00:00","dateModified":"2026-03-17T08:55:26+00:00","breadcrumb":{"@id":"https:\/\/euroindoorpadel.es\/euroindoor-alcorcon\/politica-de-privacidad\/#breadcrumb"},"inLanguage":"es","potentialAction":[{"@type":"ReadAction","target":["https:\/\/euroindoorpadel.es\/euroindoor-alcorcon\/politica-de-privacidad\/"]}]},{"@type":"BreadcrumbList","@id":"https:\/\/euroindoorpadel.es\/euroindoor-alcorcon\/politica-de-privacidad\/#breadcrumb","itemListElement":[{"@type":"ListItem","position":1,"name":"Portada","item":"https:\/\/euroindoorpadel.es\/euroindoor-alcorcon\/"},{"@type":"ListItem","position":2,"name":"Pol\u00edtica de Privacidad"}]},{"@type":"WebSite","@id":"https:\/\/euroindoorpadel.es\/euroindoor-alcorcon\/#website","url":"https:\/\/euroindoorpadel.es\/euroindoor-alcorcon\/","name":"Euroindoor Alcorc\u00f3n","description":"Otro sitio realizado con WordPress","potentialAction":[{"@type":"SearchAction","target":{"@type":"EntryPoint","urlTemplate":"https:\/\/euroindoorpadel.es\/euroindoor-alcorcon\/?s={search_term_string}"},"query-input":{"@type":"PropertyValueSpecification","valueRequired":true,"valueName":"search_term_string"}}],"inLanguage":"es"}]}},"_links":{"self":[{"href":"https:\/\/euroindoorpadel.es\/euroindoor-alcorcon\/wp-json\/wp\/v2\/pages\/5960","targetHints":{"allow":["GET"]}}],"collection":[{"href":"https:\/\/euroindoorpadel.es\/euroindoor-alcorcon\/wp-json\/wp\/v2\/pages"}],"about":[{"href":"https:\/\/euroindoorpadel.es\/euroindoor-alcorcon\/wp-json\/wp\/v2\/types\/page"}],"author":[{"embeddable":true,"href":"https:\/\/euroindoorpadel.es\/euroindoor-alcorcon\/wp-json\/wp\/v2\/users\/1"}],"replies":[{"embeddable":true,"href":"https:\/\/euroindoorpadel.es\/euroindoor-alcorcon\/wp-json\/wp\/v2\/comments?post=5960"}],"version-history":[{"count":5,"href":"https:\/\/euroindoorpadel.es\/euroindoor-alcorcon\/wp-json\/wp\/v2\/pages\/5960\/revisions"}],"predecessor-version":[{"id":7397,"href":"https:\/\/euroindoorpadel.es\/euroindoor-alcorcon\/wp-json\/wp\/v2\/pages\/5960\/revisions\/7397"}],"wp:attachment":[{"href":"https:\/\/euroindoorpadel.es\/euroindoor-alcorcon\/wp-json\/wp\/v2\/media?parent=5960"}],"curies":[{"name":"wp","href":"https:\/\/api.w.org\/{rel}","templated":true}]}}