{"id":5958,"date":"2020-02-04T08:06:53","date_gmt":"2020-02-04T08:06:53","guid":{"rendered":"http:\/\/test2.besocialcom.es\/?page_id=5958"},"modified":"2026-03-16T13:48:45","modified_gmt":"2026-03-16T13:48:45","slug":"aviso-legal","status":"publish","type":"page","link":"https:\/\/euroindoorpadel.es\/euroindoor-alcorcon\/aviso-legal\/","title":{"rendered":"Aviso Legal"},"content":{"rendered":"<p>Por favor, lee todos los apartados del presente Aviso Legal antes de utilizar este sitio web.<\/p>\n<p>Las condiciones que se detallan a continuaci\u00f3n son vinculantes para cualquier persona que acceda al uso del mismo.<\/p>\n<p>En cumplimiento con el deber de informaci\u00f3n dispuesto en la Ley 34\/2002 de Servicios de la Sociedad de la Informaci\u00f3n y el Comercio Electr\u00f3nico (LSSI-CE) de 11 de julio, se facilitan a continuaci\u00f3n los siguientes datos de informaci\u00f3n general de este sitio web.<\/p>\n<p>La raz\u00f3n de este texto es explicarte de manera detallada las funcionalidades de esta web y aportarte aquella informaci\u00f3n relacionada con el titular de la web y la finalidad de los contenidos incluidos en ella.<\/p>\n<h2>DATOS IDENTIFICACI\u00d3N<\/h2>\n<p>El presente Aviso Legal regula el uso del servicio del sitio web <a href=\"https:\/\/euroindoorpadel.es\/euroindoor-alcorcon\/\">https:\/\/euroindoorpadel.es\/euroindoor-alcorcon\/<\/a>, inform\u00e1ndote en cumplimiento de la Ley 34\/2002, de 11 de julio, de Servicios de la Sociedad de la Informaci\u00f3n y de Comercio Electr\u00f3nico, de los siguientes extremos:<\/p>\n<p><strong>Nombre de la empresa:<\/strong> EUROINDOOR ALCORCON, S.L.<\/p>\n<p><strong>Direcci\u00f3n:<\/strong> C\/ Pintores, 7, 28923, Alcorc\u00f3n, Madrid<\/p>\n<p><strong>Correo Electr\u00f3nico:<\/strong> <a href=\"mailto:info@euroindoorpadel.com\">info@euroindoorpadel.com<\/a><\/p>\n<p><strong>Tel\u00e9fono de contacto:<\/strong> \u00a0625688323<\/p>\n<p><strong>CIF:<\/strong> B86922945<\/p>\n<p><strong>Datos Registrales: <\/strong>Inscrita en el Registro Mercantil de Madrid, el 10 de marzo de 2014, Tomo 32043, Folio 1, Secci\u00f3n 8\u00aa, Hoja M-576623.<\/p>\n<p><strong>Representante legal: <\/strong>Jorge De la Mata Mart\u00ednez<\/p>\n<h2>T\u00c9RMINOS DE USO Y OBLIGACIONES DE LOS USUARIOS.<\/h2>\n<p>El usuario se compromete a utilizar el sitio web, as\u00ed como su contenido y servicios, de conformidad con la legislaci\u00f3n vigente, los usos generalmente aceptados y el orden p\u00fablico.<\/p>\n<p>Queda expresamente prohibido el uso del sitio web con fines il\u00edcitos o lesivos tanto para EUROINDOOR ALCORCON, S.L. como para terceros o que de cualquier modo puedan da\u00f1ar, inutilizar, sobrecargar o impedir el normal funcionamiento del sitio.<\/p>\n<p>EUROINDOOR ALCORCON, S.L.\u00a0garantiza que los contenidos y servicios ofrecidos a trav\u00e9s del portal respetan el principio de dignidad de la persona, de protecci\u00f3n de la juventud y la infancia, de no discriminaci\u00f3n por motivos de raza, sexo, religi\u00f3n, opini\u00f3n, nacionalidad, discapacidad o cualquier otro aspecto personal y social.<\/p>\n<p>Las presentes Condiciones Generales de Uso del sitio no confieren al usuario ning\u00fan otro derecho de propiedad intelectual o industrial sobre los contenidos (informaci\u00f3n, archivo de sonido e imagen, fotograf\u00edas, dise\u00f1os, etc.), Cuya titularidad corresponde a la entidad o a terceros debidamente autorizados.<\/p>\n<p>Cualquier reproducci\u00f3n o distribuci\u00f3n, comunicaci\u00f3n p\u00fablica, transformaci\u00f3n o modificaci\u00f3n de dicho contenido queda expresamente prohibida, salvo autorizaci\u00f3n previa y por escrito de sus leg\u00edtimos titulares o en los casos legalmente permitidos. EUROINDOOR ALCORCON, S.L.\u00a0se compromete a no realizar publicidad enga\u00f1osa y, por tanto, queda prohibido:<\/p>\n<ul>\n<li>El uso para todo tipo de fines comerciales o publicitarios, distintos de los estrictamente permitidos.<\/li>\n<li>Su reproducci\u00f3n, publicaci\u00f3n, distribuci\u00f3n o modificaci\u00f3n, total o parcial a menos que se cuente con la autorizaci\u00f3n previa y por escrito de sus leg\u00edtimos titulares o resulte legalmente permitido.<\/li>\n<li>Cualquier vulneraci\u00f3n de los derechos de propiedad intelectual o industrial. o de terceros sobre los contenidos del sitio.<\/li>\n<\/ul>\n<h2>PROPIEDAD INTELECTUAL E INDUSTRIAL<\/h2>\n<p>El usuario reconoce y acepta que todos los derechos de propiedad industrial e intelectual sobre los contenidos y\/o cualesquiera otros elementos insertados en el sitio web pertenecen a EUROINDOOR ALCORCON, S.L.\u00a0o la misma se encuentra debidamente autorizada para su difusi\u00f3n en el presente website.<\/p>\n<p>En el caso de que un usuario o un tercero consideren que se ha producido una violaci\u00f3n de sus leg\u00edtimos derechos de propiedad intelectual por la introducci\u00f3n de un determinado contenido en la misma, deber\u00e1 notificar dicha circunstancia a EUROINDOOR ALCORCON, S.L. indicando:<\/p>\n<ul>\n<li>Datos del titular de los derechos presuntamente infringidos, o indicar la representaci\u00f3n con la que act\u00faa en caso de que la reclamaci\u00f3n la presente un tercero distinto del interesado.<\/li>\n<li>Se\u00f1alar los contenidos protegidos por los derechos de propiedad intelectual y su ubicaci\u00f3n en la web, la acreditaci\u00f3n de los derechos de propiedad intelectual se\u00f1alados y declaraci\u00f3n expresa en la que el interesado se responsabiliza de la veracidad de las informaciones facilitadas en la notificaci\u00f3n.<\/li>\n<\/ul>\n<h2>ENLACES<\/h2>\n<p>El presente sitio proporciona enlaces a otros sitios web propios y contenidos que son propiedad de terceros.<\/p>\n<p>El \u00fanico objeto de los enlaces es proporcionar al usuario la posibilidad de acceder a dichos enlaces. EUROINDOOR ALCORCON, S.L.\u00a0no se responsabiliza en ning\u00fan caso de los resultados que puedan derivarse al usuario por el acceso a dichos enlaces.<\/p>\n<p>El usuario que se proponga establecer cualquier dispositivo t\u00e9cnico de enlace desde su sitio web al portal deber\u00e1 obtener la autorizaci\u00f3n previa y escrita de EUROINDOOR ALCORCON, S.L..El establecimiento del enlace no implica en ning\u00fan caso la existencia de relaciones entre EUROINDOOR ALCORCON, S.L.\u00a0y el propietario del sitio en el que se establezca el enlace, ni la aceptaci\u00f3n o aprobaci\u00f3n por parte de EUROINDOOR ALCORCON, S.L.\u00a0de sus contenidos o servicios.<\/p>\n<p>El sitio web en el que se establezca el enlace no contendr\u00e1 ninguna marca, denominaci\u00f3n, logotipo, eslogan u otros signos distintivos pertenecientes a EUROINDOOR ALCORCON, S.L.\u00a0, salvo los expresamente autorizados.<\/p>\n<h2>MODIFICACI\u00d3N UNILATERAL Y DURACI\u00d3N<\/h2>\n<p>EUROINDOOR ALCORCON, S.L.\u00a0se reserva el derecho de modificar, en cualquier momento y sin necesidad de previo aviso, la presentaci\u00f3n y configuraci\u00f3n del sitio web as\u00ed como el presente Aviso Legal.<\/p>\n<p>EXCLUSI\u00d3N DE GARANT\u00cdAS Y RESPONSABILIDAD<\/p>\n<p>EUROINDOOR ALCORCON, S.L.\u00a0no garantiza la disponibilidad, continuidad, ni el correcto funcionamiento del sitio web, y en ning\u00fan caso se hace responsable de los da\u00f1os o perjuicios, de cualquier naturaleza, que pudieran derivarse de:<\/p>\n<ul>\n<li>La falta de disponibilidad, mantenimiento y efectivo funcionamiento en el servicio de acceso a Internet, ni por interrupciones de la red de internet o por cualquier otra raz\u00f3n ajena a su control.<\/li>\n<li>La existencia de virus, programas maliciosos o lesivos en los contenidos.<\/li>\n<li>El uso il\u00edcito, negligente, fraudulento, contrario a las presentes condiciones, a la buena fe, a los usos generalmente aceptados o al orden p\u00fablico, del sitio web, sus servicios o contenidos, por parte de los usuarios.<\/li>\n<\/ul>\n<h2>TRATAMIENTO DE DATOS PERSONALES<\/h2>\n<p>EUROINDOOR ALCORCON, S.L.\u00a0tal y como recoge en su \u201cPOL\u00cdTICA DE PRIVACIDAD\u201d que puedes consultar en este sitio web, ha adoptado los niveles de seguridad adecuados a los datos que trata y gestiona, incorporando todos los medios y medidas t\u00e9cnicas a su alcance para garantizar su confidencialidad, evitar su mal uso, p\u00e9rdida, alteraci\u00f3n, acceso no autorizado y robo.<\/p>\n<h2>LEGISLACI\u00d3N APLICABLE Y JURISDICCI\u00d3N<\/h2>\n<p>Para la resoluci\u00f3n de todas las controversias o cuestiones relacionadas con el presente sitio web o de las actividades en \u00e9l desarrolladas, \u00a0ser\u00e1 de aplicaci\u00f3n la legislaci\u00f3n espa\u00f1ola, a la que se someten expresamente las partes, siendo competentes para la resoluci\u00f3n de todos los conflictos derivados o relacionados con su uso, los Juzgados y Tribunales del domicilio del demandante que se identifique como consumidor, en caso contrario los Juzgados y Tribunales competentes ser\u00e1n los de la ciudad de Madrid (Espa\u00f1a).<\/p>\n<h2>CONTACTO<\/h2>\n<p>En caso de que cualquier usuario tuviese alguna duda acerca del presente aviso legal o cualquier comentario sobre el mismo puede dirigirse a info@euroindoorpadel.com o enviar una comunicaci\u00f3n escrita a la direcci\u00f3n que consta en el encabezado.<\/p>\n","protected":false},"excerpt":{"rendered":"<p>Por favor, lee todos los apartados del presente Aviso Legal antes de utilizar este sitio web. Las condiciones que se detallan a continuaci\u00f3n son vinculantes para cualquier persona que acceda al uso del mismo. En cumplimiento con el deber de informaci\u00f3n dispuesto en la Ley 34\/2002 de Servicios de la Sociedad de la Informaci\u00f3n y [&hellip;]<\/p>\n","protected":false},"author":1,"featured_media":0,"parent":0,"menu_order":0,"comment_status":"closed","ping_status":"closed","template":"","meta":{"footnotes":""},"class_list":["post-5958","page","type-page","status-publish","hentry"],"yoast_head":"<!-- This site is optimized with the Yoast SEO plugin v27.5 - https:\/\/yoast.com\/product\/yoast-seo-wordpress\/ -->\n<title>Aviso Legal - Euroindoor Alcorc\u00f3n<\/title>\n<meta name=\"robots\" content=\"index, follow, max-snippet:-1, max-image-preview:large, max-video-preview:-1\" \/>\n<link rel=\"canonical\" href=\"https:\/\/euroindoorpadel.es\/euroindoor-alcorcon\/aviso-legal\/\" \/>\n<meta property=\"og:locale\" content=\"es_ES\" \/>\n<meta property=\"og:type\" content=\"article\" \/>\n<meta property=\"og:title\" content=\"Aviso Legal - Euroindoor Alcorc\u00f3n\" \/>\n<meta property=\"og:description\" content=\"Por favor, lee todos los apartados del presente Aviso Legal antes de utilizar este sitio web. Las condiciones que se detallan a continuaci\u00f3n son vinculantes para cualquier persona que acceda al uso del mismo. En cumplimiento con el deber de informaci\u00f3n dispuesto en la Ley 34\/2002 de Servicios de la Sociedad de la Informaci\u00f3n y [&hellip;]\" \/>\n<meta property=\"og:url\" content=\"https:\/\/euroindoorpadel.es\/euroindoor-alcorcon\/aviso-legal\/\" \/>\n<meta property=\"og:site_name\" content=\"Euroindoor Alcorc\u00f3n\" \/>\n<meta property=\"article:modified_time\" content=\"2026-03-16T13:48:45+00:00\" \/>\n<meta name=\"twitter:card\" content=\"summary_large_image\" \/>\n<meta name=\"twitter:label1\" content=\"Tiempo de lectura\" \/>\n\t<meta name=\"twitter:data1\" content=\"6 minutos\" \/>\n<script type=\"application\/ld+json\" class=\"yoast-schema-graph\">{\"@context\":\"https:\\\/\\\/schema.org\",\"@graph\":[{\"@type\":\"WebPage\",\"@id\":\"https:\\\/\\\/euroindoorpadel.es\\\/euroindoor-alcorcon\\\/aviso-legal\\\/\",\"url\":\"https:\\\/\\\/euroindoorpadel.es\\\/euroindoor-alcorcon\\\/aviso-legal\\\/\",\"name\":\"Aviso Legal - Euroindoor Alcorc\u00f3n\",\"isPartOf\":{\"@id\":\"https:\\\/\\\/euroindoorpadel.es\\\/euroindoor-alcorcon\\\/#website\"},\"datePublished\":\"2020-02-04T08:06:53+00:00\",\"dateModified\":\"2026-03-16T13:48:45+00:00\",\"breadcrumb\":{\"@id\":\"https:\\\/\\\/euroindoorpadel.es\\\/euroindoor-alcorcon\\\/aviso-legal\\\/#breadcrumb\"},\"inLanguage\":\"es\",\"potentialAction\":[{\"@type\":\"ReadAction\",\"target\":[\"https:\\\/\\\/euroindoorpadel.es\\\/euroindoor-alcorcon\\\/aviso-legal\\\/\"]}]},{\"@type\":\"BreadcrumbList\",\"@id\":\"https:\\\/\\\/euroindoorpadel.es\\\/euroindoor-alcorcon\\\/aviso-legal\\\/#breadcrumb\",\"itemListElement\":[{\"@type\":\"ListItem\",\"position\":1,\"name\":\"Portada\",\"item\":\"https:\\\/\\\/euroindoorpadel.es\\\/euroindoor-alcorcon\\\/\"},{\"@type\":\"ListItem\",\"position\":2,\"name\":\"Aviso Legal\"}]},{\"@type\":\"WebSite\",\"@id\":\"https:\\\/\\\/euroindoorpadel.es\\\/euroindoor-alcorcon\\\/#website\",\"url\":\"https:\\\/\\\/euroindoorpadel.es\\\/euroindoor-alcorcon\\\/\",\"name\":\"Euroindoor Alcorc\u00f3n\",\"description\":\"Otro sitio realizado con WordPress\",\"potentialAction\":[{\"@type\":\"SearchAction\",\"target\":{\"@type\":\"EntryPoint\",\"urlTemplate\":\"https:\\\/\\\/euroindoorpadel.es\\\/euroindoor-alcorcon\\\/?s={search_term_string}\"},\"query-input\":{\"@type\":\"PropertyValueSpecification\",\"valueRequired\":true,\"valueName\":\"search_term_string\"}}],\"inLanguage\":\"es\"}]}<\/script>\n<!-- \/ Yoast SEO plugin. -->","yoast_head_json":{"title":"Aviso Legal - Euroindoor Alcorc\u00f3n","robots":{"index":"index","follow":"follow","max-snippet":"max-snippet:-1","max-image-preview":"max-image-preview:large","max-video-preview":"max-video-preview:-1"},"canonical":"https:\/\/euroindoorpadel.es\/euroindoor-alcorcon\/aviso-legal\/","og_locale":"es_ES","og_type":"article","og_title":"Aviso Legal - Euroindoor Alcorc\u00f3n","og_description":"Por favor, lee todos los apartados del presente Aviso Legal antes de utilizar este sitio web. Las condiciones que se detallan a continuaci\u00f3n son vinculantes para cualquier persona que acceda al uso del mismo. En cumplimiento con el deber de informaci\u00f3n dispuesto en la Ley 34\/2002 de Servicios de la Sociedad de la Informaci\u00f3n y [&hellip;]","og_url":"https:\/\/euroindoorpadel.es\/euroindoor-alcorcon\/aviso-legal\/","og_site_name":"Euroindoor Alcorc\u00f3n","article_modified_time":"2026-03-16T13:48:45+00:00","twitter_card":"summary_large_image","twitter_misc":{"Tiempo de lectura":"6 minutos"},"schema":{"@context":"https:\/\/schema.org","@graph":[{"@type":"WebPage","@id":"https:\/\/euroindoorpadel.es\/euroindoor-alcorcon\/aviso-legal\/","url":"https:\/\/euroindoorpadel.es\/euroindoor-alcorcon\/aviso-legal\/","name":"Aviso Legal - Euroindoor Alcorc\u00f3n","isPartOf":{"@id":"https:\/\/euroindoorpadel.es\/euroindoor-alcorcon\/#website"},"datePublished":"2020-02-04T08:06:53+00:00","dateModified":"2026-03-16T13:48:45+00:00","breadcrumb":{"@id":"https:\/\/euroindoorpadel.es\/euroindoor-alcorcon\/aviso-legal\/#breadcrumb"},"inLanguage":"es","potentialAction":[{"@type":"ReadAction","target":["https:\/\/euroindoorpadel.es\/euroindoor-alcorcon\/aviso-legal\/"]}]},{"@type":"BreadcrumbList","@id":"https:\/\/euroindoorpadel.es\/euroindoor-alcorcon\/aviso-legal\/#breadcrumb","itemListElement":[{"@type":"ListItem","position":1,"name":"Portada","item":"https:\/\/euroindoorpadel.es\/euroindoor-alcorcon\/"},{"@type":"ListItem","position":2,"name":"Aviso Legal"}]},{"@type":"WebSite","@id":"https:\/\/euroindoorpadel.es\/euroindoor-alcorcon\/#website","url":"https:\/\/euroindoorpadel.es\/euroindoor-alcorcon\/","name":"Euroindoor Alcorc\u00f3n","description":"Otro sitio realizado con WordPress","potentialAction":[{"@type":"SearchAction","target":{"@type":"EntryPoint","urlTemplate":"https:\/\/euroindoorpadel.es\/euroindoor-alcorcon\/?s={search_term_string}"},"query-input":{"@type":"PropertyValueSpecification","valueRequired":true,"valueName":"search_term_string"}}],"inLanguage":"es"}]}},"_links":{"self":[{"href":"https:\/\/euroindoorpadel.es\/euroindoor-alcorcon\/wp-json\/wp\/v2\/pages\/5958","targetHints":{"allow":["GET"]}}],"collection":[{"href":"https:\/\/euroindoorpadel.es\/euroindoor-alcorcon\/wp-json\/wp\/v2\/pages"}],"about":[{"href":"https:\/\/euroindoorpadel.es\/euroindoor-alcorcon\/wp-json\/wp\/v2\/types\/page"}],"author":[{"embeddable":true,"href":"https:\/\/euroindoorpadel.es\/euroindoor-alcorcon\/wp-json\/wp\/v2\/users\/1"}],"replies":[{"embeddable":true,"href":"https:\/\/euroindoorpadel.es\/euroindoor-alcorcon\/wp-json\/wp\/v2\/comments?post=5958"}],"version-history":[{"count":5,"href":"https:\/\/euroindoorpadel.es\/euroindoor-alcorcon\/wp-json\/wp\/v2\/pages\/5958\/revisions"}],"predecessor-version":[{"id":7394,"href":"https:\/\/euroindoorpadel.es\/euroindoor-alcorcon\/wp-json\/wp\/v2\/pages\/5958\/revisions\/7394"}],"wp:attachment":[{"href":"https:\/\/euroindoorpadel.es\/euroindoor-alcorcon\/wp-json\/wp\/v2\/media?parent=5958"}],"curies":[{"name":"wp","href":"https:\/\/api.w.org\/{rel}","templated":true}]}}